{"id":18,"date":"2013-03-30T10:00:31","date_gmt":"2013-03-30T10:00:31","guid":{"rendered":"http:\/\/www.225prades.com\/castellano\/?page_id=18"},"modified":"2013-03-30T18:16:11","modified_gmt":"2013-03-30T18:16:11","slug":"prades-y-alrededor","status":"publish","type":"page","link":"https:\/\/www.225prades.com\/castellano\/prades-y-alrededor\/","title":{"rendered":"Prades y alrededor"},"content":{"rendered":"<p><a href=\"http:\/\/www.225prades.com\/castellano\/wp-content\/uploads\/2013\/03\/Prades-Market.jpg\"><img loading=\"lazy\" decoding=\"async\" class=\"alignleft size-medium wp-image-57\" alt=\"Mercado\" src=\"http:\/\/www.225prades.com\/castellano\/wp-content\/uploads\/2013\/03\/Prades-Market-300x222.jpg\" width=\"300\" height=\"222\" srcset=\"https:\/\/www.225prades.com\/castellano\/wp-content\/uploads\/2013\/03\/Prades-Market-300x222.jpg 300w, https:\/\/www.225prades.com\/castellano\/wp-content\/uploads\/2013\/03\/Prades-Market.jpg 450w\" sizes=\"auto, (max-width: 300px) 100vw, 300px\" \/><\/a>Prades est\u00e1 enclavada en el valle verde y f\u00e9rtil del Conflen, a 35 minutos de Perpi\u00f1\u00e1n y de sus cercanas playas. Es un pueblo orgulloso de su patrimonio y con un ambiente catal\u00e1n.<\/p>\n<p>Cada estaci\u00f3n tiene sus propias atracciones, que garantizan una amplia oferta de visitas y ocio durante todos los periodos del a\u00f1o. En verano el pueblo acoge numerosos festivales de m\u00fasica, cine y cultura catalana. La primavera y el oto\u00f1o son las estaciones ideales para el senderismo. Varias rutas tienen su origen a apenas unos minutos de nuestra casa.<\/p>\n<p>Podemos recomendar muchas visitas y lugares de inter\u00e9s como:<a href=\"http:\/\/www.225prades.com\/castellano\/wp-content\/uploads\/2013\/03\/Yellow-Train.jpg\"><img loading=\"lazy\" decoding=\"async\" class=\"alignright size-medium wp-image-59\" alt=\"Train Jaune\" src=\"http:\/\/www.225prades.com\/castellano\/wp-content\/uploads\/2013\/03\/Yellow-Train-199x300.jpg\" width=\"199\" height=\"300\" srcset=\"https:\/\/www.225prades.com\/castellano\/wp-content\/uploads\/2013\/03\/Yellow-Train-199x300.jpg 199w, https:\/\/www.225prades.com\/castellano\/wp-content\/uploads\/2013\/03\/Yellow-Train-680x1024.jpg 680w, https:\/\/www.225prades.com\/castellano\/wp-content\/uploads\/2013\/03\/Yellow-Train-624x939.jpg 624w, https:\/\/www.225prades.com\/castellano\/wp-content\/uploads\/2013\/03\/Yellow-Train.jpg 712w\" sizes=\"auto, (max-width: 199px) 100vw, 199px\" \/><\/a><\/p>\n<ul>\n<li>el mercado de Prades los martes por la ma\u00f1ana.<\/li>\n<li>los pueblecitos de Eus, Mosset y Evol, que cuentan con la denominaci\u00f3n oficial de pueblos m\u00e1s hermosos de Francia, se encuentran a menos de 20 minutos en coche.<\/li>\n<li>Vilafranca de Conflen, declarado patrimonio de la UNESCO. El peque\u00f1o tren amarillo sale de aqu\u00ed.<\/li>\n<li>los ba\u00f1os de fuentes termales de Saint-Thomas-les-Bains son muy agradables despu\u00e9s de unas hora de ruta.<\/li>\n<li>sube al pico del Canig\u00f3. Hay todoterrenos de Prades hasta el Chalet de Cortalets, cuenta con 2 horas de ruta desde el Chalet hasta el pico. (Posible normalmente entre mayo y octubre)<\/li>\n<li>descubre la historia rica de la regi\u00f3n con visitas a las abad\u00edas de St Michel de Cuxa y St Martin du Canig\u00f3.<\/li>\n<\/ul>\n<p>No olvide su m\u00e1quina fotogr\u00e1fica.<\/p>\n","protected":false},"excerpt":{"rendered":"<p>Prades est\u00e1 enclavada en el valle verde y f\u00e9rtil del Conflen, a 35 minutos de Perpi\u00f1\u00e1n y de sus cercanas playas. Es un pueblo orgulloso de su patrimonio y con un ambiente catal\u00e1n. Cada estaci\u00f3n tiene sus propias atracciones, que garantizan una amplia oferta de visitas y ocio durante todos los periodos del a\u00f1o. En [&hellip;]<\/p>\n","protected":false},"author":1,"featured_media":0,"parent":0,"menu_order":0,"comment_status":"closed","ping_status":"closed","template":"","meta":{"_mi_skip_tracking":false,"footnotes":""},"class_list":["post-18","page","type-page","status-publish","hentry"],"aioseo_notices":[],"_links":{"self":[{"href":"https:\/\/www.225prades.com\/castellano\/wp-json\/wp\/v2\/pages\/18","targetHints":{"allow":["GET"]}}],"collection":[{"href":"https:\/\/www.225prades.com\/castellano\/wp-json\/wp\/v2\/pages"}],"about":[{"href":"https:\/\/www.225prades.com\/castellano\/wp-json\/wp\/v2\/types\/page"}],"author":[{"embeddable":true,"href":"https:\/\/www.225prades.com\/castellano\/wp-json\/wp\/v2\/users\/1"}],"replies":[{"embeddable":true,"href":"https:\/\/www.225prades.com\/castellano\/wp-json\/wp\/v2\/comments?post=18"}],"version-history":[{"count":6,"href":"https:\/\/www.225prades.com\/castellano\/wp-json\/wp\/v2\/pages\/18\/revisions"}],"predecessor-version":[{"id":61,"href":"https:\/\/www.225prades.com\/castellano\/wp-json\/wp\/v2\/pages\/18\/revisions\/61"}],"wp:attachment":[{"href":"https:\/\/www.225prades.com\/castellano\/wp-json\/wp\/v2\/media?parent=18"}],"curies":[{"name":"wp","href":"https:\/\/api.w.org\/{rel}","templated":true}]}}