{"id":24,"date":"2013-03-30T10:04:43","date_gmt":"2013-03-30T10:04:43","guid":{"rendered":"http:\/\/www.225prades.com\/castellano\/?page_id=24"},"modified":"2015-04-13T08:06:17","modified_gmt":"2015-04-13T08:06:17","slug":"como-llegar","status":"publish","type":"page","link":"https:\/\/www.225prades.com\/castellano\/como-llegar\/","title":{"rendered":"Como llegar"},"content":{"rendered":"<p>GPS<a href=\"http:\/\/www.225prades.com\/castellano\/wp-content\/uploads\/2013\/03\/Maison-225.jpg\"><img loading=\"lazy\" decoding=\"async\" class=\"alignleft size-medium wp-image-64\" src=\"http:\/\/www.225prades.com\/castellano\/wp-content\/uploads\/2013\/03\/Maison-225-199x300.jpg\" alt=\"Maison 225\" width=\"199\" height=\"300\" srcset=\"https:\/\/www.225prades.com\/castellano\/wp-content\/uploads\/2013\/03\/Maison-225-199x300.jpg 199w, https:\/\/www.225prades.com\/castellano\/wp-content\/uploads\/2013\/03\/Maison-225-624x936.jpg 624w, https:\/\/www.225prades.com\/castellano\/wp-content\/uploads\/2013\/03\/Maison-225.jpg 682w\" sizes=\"auto, (max-width: 199px) 100vw, 199px\" \/><\/a><br \/>\nLat: 42.615462<br \/>\nLong: 2.418489<\/p>\n<p><strong>Desde Perpi\u00f1\u00e1n:<\/strong><\/p>\n<p>Tomar la RN116 en direcci\u00f3n Andorra.<br \/>\nEn la primera rotonda a la entrada de Prades, tomar la direcci\u00f3n &#8220;centre ville&#8221;.<br \/>\nContinuar todo recto a lo largo de la Avenue du G\u00e9n\u00e9ral de Gaulle hasta el ceda el paso.<br \/>\nNos encontramos justo despu\u00e9s, a la izquierda, en el n\u00famero 225.<\/p>\n<p><strong>Desde Andorra:<\/strong><\/p>\n<p>Tomar la RN116 en direcci\u00f3n Perpi\u00f1\u00e1n.<br \/>\nDespu\u00e9s del pueblo deRia, pasar delante de la tienda LIDL situada a la derecha.<br \/>\nPasado LIDL, tomar la direcci\u00f3n Prades, &#8220;centre ville&#8221;, y a continuaci\u00f3n pasar delante del ayuntamiento (&#8220;H\u00f4tel de ville&#8221;).<br \/>\nContinuar hasta el ceda el paso.<br \/>\nNos encontramos justo despu\u00e9s, a la derecha, en el n\u00famero 225.<\/p>\n<div align=\"center\">\r\n<div class=\"google-maps-builder-wrap\">\r\n\r\n\t<div id=\"google-maps-builder-85\" class=\"google-maps-builder\"  data-map-id=\"85\" style=\"width:100%; height:600px\"><\/div>\r\n\r\n<\/div><\/div>\n","protected":false},"excerpt":{"rendered":"<p>GPS Lat: 42.615462 Long: 2.418489 Desde Perpi\u00f1\u00e1n: Tomar la RN116 en direcci\u00f3n Andorra. En la primera rotonda a la entrada de Prades, tomar la direcci\u00f3n &#8220;centre ville&#8221;. Continuar todo recto a lo largo de la Avenue du G\u00e9n\u00e9ral de Gaulle hasta el ceda el paso. Nos encontramos justo despu\u00e9s, a la izquierda, en el n\u00famero [&hellip;]<\/p>\n","protected":false},"author":1,"featured_media":0,"parent":0,"menu_order":0,"comment_status":"closed","ping_status":"closed","template":"","meta":{"_mi_skip_tracking":false,"footnotes":""},"class_list":["post-24","page","type-page","status-publish","hentry"],"aioseo_notices":[],"_links":{"self":[{"href":"https:\/\/www.225prades.com\/castellano\/wp-json\/wp\/v2\/pages\/24","targetHints":{"allow":["GET"]}}],"collection":[{"href":"https:\/\/www.225prades.com\/castellano\/wp-json\/wp\/v2\/pages"}],"about":[{"href":"https:\/\/www.225prades.com\/castellano\/wp-json\/wp\/v2\/types\/page"}],"author":[{"embeddable":true,"href":"https:\/\/www.225prades.com\/castellano\/wp-json\/wp\/v2\/users\/1"}],"replies":[{"embeddable":true,"href":"https:\/\/www.225prades.com\/castellano\/wp-json\/wp\/v2\/comments?post=24"}],"version-history":[{"count":8,"href":"https:\/\/www.225prades.com\/castellano\/wp-json\/wp\/v2\/pages\/24\/revisions"}],"predecessor-version":[{"id":87,"href":"https:\/\/www.225prades.com\/castellano\/wp-json\/wp\/v2\/pages\/24\/revisions\/87"}],"wp:attachment":[{"href":"https:\/\/www.225prades.com\/castellano\/wp-json\/wp\/v2\/media?parent=24"}],"curies":[{"name":"wp","href":"https:\/\/api.w.org\/{rel}","templated":true}]}}