{"id":16,"date":"2013-03-30T10:23:26","date_gmt":"2013-03-30T10:23:26","guid":{"rendered":"http:\/\/www.225prades.com\/catala\/?page_id=16"},"modified":"2013-03-30T16:06:30","modified_gmt":"2013-03-30T16:06:30","slug":"prades-i-al-voltant","status":"publish","type":"page","link":"https:\/\/www.225prades.com\/catala\/prades-i-al-voltant\/","title":{"rendered":"Prades i al voltant"},"content":{"rendered":"<p><a href=\"http:\/\/www.225prades.com\/catala\/wp-content\/uploads\/2013\/03\/Prades-Market.jpg\"><img loading=\"lazy\" decoding=\"async\" class=\"alignleft size-medium wp-image-48\" alt=\"Mercat\" src=\"http:\/\/www.225prades.com\/catala\/wp-content\/uploads\/2013\/03\/Prades-Market-300x222.jpg\" width=\"300\" height=\"222\" srcset=\"https:\/\/www.225prades.com\/catala\/wp-content\/uploads\/2013\/03\/Prades-Market-300x222.jpg 300w, https:\/\/www.225prades.com\/catala\/wp-content\/uploads\/2013\/03\/Prades-Market.jpg 450w\" sizes=\"auto, (max-width: 300px) 100vw, 300px\" \/><\/a>Prades est\u00e0 enclavada a la vall verd i f\u00e8rtil del Conflen, a 35 minuts de Perpiny\u00e0 i de las seves properes platges.<br \/>\n\u00c9s un poble orgull\u00f3s del seu patrimoni i amb un ambient catal\u00e0.<\/p>\n<p>Cada estaci\u00f3 t\u00e9 les seves pr\u00f2pies atraccions, que garanteixen una \u00e0mplia oferta de visites i oci durant tots els per\u00edodes de l&#8217;any. A l&#8217;estiu el poble acull nombrosos festivals de m\u00fasica, cinema i cultura catalana. La primavera i la tardor s\u00f3n les estacions ideals per al senderisme. Diverses rutes tenen el seu origen a tot just uns minuts de casa.<\/p>\n<p><a href=\"http:\/\/www.225prades.com\/catala\/wp-content\/uploads\/2013\/03\/Yellow-Train.jpg\"><img loading=\"lazy\" decoding=\"async\" class=\"alignright size-medium wp-image-50\" alt=\"Train Jaune\" src=\"http:\/\/www.225prades.com\/catala\/wp-content\/uploads\/2013\/03\/Yellow-Train-199x300.jpg\" width=\"199\" height=\"300\" srcset=\"https:\/\/www.225prades.com\/catala\/wp-content\/uploads\/2013\/03\/Yellow-Train-199x300.jpg 199w, https:\/\/www.225prades.com\/catala\/wp-content\/uploads\/2013\/03\/Yellow-Train-680x1024.jpg 680w, https:\/\/www.225prades.com\/catala\/wp-content\/uploads\/2013\/03\/Yellow-Train-624x939.jpg 624w, https:\/\/www.225prades.com\/catala\/wp-content\/uploads\/2013\/03\/Yellow-Train.jpg 712w\" sizes=\"auto, (max-width: 199px) 100vw, 199px\" \/><\/a>Podem recomanar moltes visites i llocs d&#8217;inter\u00e8s com:<\/p>\n<ul>\n<li>El mercat de Prades els dimarts al mat\u00ed.<\/li>\n<li>Els poblets de Eus, Mosset i Evol, que compten amb la denominaci\u00f3 oficial de pobles m\u00e9s bonics de Fran\u00e7a, es troben a menys de 20 minuts amb cotxe.<\/li>\n<li>Vilafranca de Conflen, declarat patrimoni de la UNESCO. El petit tren groc surt d&#8217;aqu\u00ed.<\/li>\n<li>Els banys de fonts termals de Saint-Thomas-les-Bains s\u00f3n molt agradables despr\u00e9s d&#8217;unes hores de ruta.<\/li>\n<li>Puja al pic del Canig\u00f3. Hi ha tot terrenys de Prades fins al Xalet de Cortalets, t\u00e9 2 hores de ruta des del Xalet fins al pic.<\/li>\n<li>Descobreix la hist\u00f2ria rica de la regi\u00f3 amb visites a les abadies de St Michel de Cuix\u00e0 i St Martin du Canig\u00f3.<\/li>\n<\/ul>\n<p>No oblidi la seva m\u00e0quina fotogr\u00e0fica.<\/p>\n","protected":false},"excerpt":{"rendered":"<p>Prades est\u00e0 enclavada a la vall verd i f\u00e8rtil del Conflen, a 35 minuts de Perpiny\u00e0 i de las seves properes platges. \u00c9s un poble orgull\u00f3s del seu patrimoni i amb un ambient catal\u00e0. Cada estaci\u00f3 t\u00e9 les seves pr\u00f2pies atraccions, que garanteixen una \u00e0mplia oferta de visites i oci durant tots els per\u00edodes de [&hellip;]<\/p>\n","protected":false},"author":1,"featured_media":0,"parent":0,"menu_order":0,"comment_status":"closed","ping_status":"closed","template":"","meta":{"_mi_skip_tracking":false,"footnotes":""},"class_list":["post-16","page","type-page","status-publish","hentry"],"aioseo_notices":[],"_links":{"self":[{"href":"https:\/\/www.225prades.com\/catala\/wp-json\/wp\/v2\/pages\/16","targetHints":{"allow":["GET"]}}],"collection":[{"href":"https:\/\/www.225prades.com\/catala\/wp-json\/wp\/v2\/pages"}],"about":[{"href":"https:\/\/www.225prades.com\/catala\/wp-json\/wp\/v2\/types\/page"}],"author":[{"embeddable":true,"href":"https:\/\/www.225prades.com\/catala\/wp-json\/wp\/v2\/users\/1"}],"replies":[{"embeddable":true,"href":"https:\/\/www.225prades.com\/catala\/wp-json\/wp\/v2\/comments?post=16"}],"version-history":[{"count":5,"href":"https:\/\/www.225prades.com\/catala\/wp-json\/wp\/v2\/pages\/16\/revisions"}],"predecessor-version":[{"id":49,"href":"https:\/\/www.225prades.com\/catala\/wp-json\/wp\/v2\/pages\/16\/revisions\/49"}],"wp:attachment":[{"href":"https:\/\/www.225prades.com\/catala\/wp-json\/wp\/v2\/media?parent=16"}],"curies":[{"name":"wp","href":"https:\/\/api.w.org\/{rel}","templated":true}]}}