{"id":20,"date":"2013-03-30T10:25:08","date_gmt":"2013-03-30T10:25:08","guid":{"rendered":"http:\/\/www.225prades.com\/catala\/?page_id=20"},"modified":"2026-01-18T15:28:53","modified_gmt":"2026-01-18T15:28:53","slug":"preus-i-contactar-allotjament","status":"publish","type":"page","link":"https:\/\/www.225prades.com\/catala\/preus-i-contactar-allotjament\/","title":{"rendered":"Preus i contactar allotjament"},"content":{"rendered":"<div class=\"table-responsive\"><table  style=\"width:650px; \"  class=\"easy-table easy-table-default table-striped\" border=\"0\">\n<caption>Room Prices in Euros <\/caption>\n<thead>\r\n<tr><th  style=\"width:100px;text-align:left\" >Habitaci\u00f3<\/th>\n<th  style=\"width:200px;text-align:center\" ><\/th>\n<th  style=\"width:200px;text-align:center\" >nov-feb<\/th>\n<th  style=\"text-align:center\" >mar\u00e7-juny &amp; setembre i octubre<\/th>\n<th >juliol &amp; agost<\/th>\n<\/tr>\n<\/thead>\n<tbody>\r\n<tr><td  style=\"text-align:left\" >Habitaci\u00f3 lila<\/td>\n<td  style=\"text-align:center\" > (2 persones)<\/td>\n<td  style=\"text-align:center\" >74<\/td>\n<td  style=\"text-align:center\" >79<\/td>\n<td >84<\/td>\n<\/tr>\n\r\n<tr><td  style=\"text-align:left\" >Habitaci\u00f3 blanca<\/td>\n<td  style=\"text-align:center\" > (2 persones)<\/td>\n<td  style=\"text-align:center\" >74<\/td>\n<td  style=\"text-align:center\" >79<\/td>\n<td >84<\/td>\n<\/tr>\n\r\n<tr><td  style=\"text-align:left\" >Suite terrasse<\/td>\n<td  style=\"text-align:center\" > (2 persones)<\/td>\n<td  style=\"text-align:center\" >84<\/td>\n<td  style=\"text-align:center\" >89<\/td>\n<td >94<\/td>\n<\/tr>\n\r\n<tr><td  style=\"text-align:left\" >Suite familiar<\/td>\n<td  style=\"text-align:center\" > (4 persones)<\/td>\n<td  style=\"text-align:center\" >119<\/td>\n<td  style=\"text-align:center\" >124<\/td>\n<td >134<\/td>\n<\/tr>\n<\/tbody><\/table><\/div>\n<p>Esmorzar incl\u00f2s.<\/p>\n<p>Estada minima 2 nits<br \/>\nS&#8217;admeten animals &#8211; \u20ac 7 la nit<br \/>\nLlit &#8211; \u20ac 12 la nit<br \/>\nTaxa d&#8217;estada de 99 cent per adult per nit no inclos<br \/>\nPer contactar-nos, si us plau ompli aquest formulari. Parlem angl\u00e8s, franc\u00e8s i castell\u00e0.<\/p>\n<div role=\"form\" class=\"wpcf7\" id=\"wpcf7-f6-o1\" dir=\"ltr\">\n<div class=\"screen-reader-response\"><\/div>\n<form name=\"\" action=\"\/catala\/wp-json\/wp\/v2\/pages\/20#wpcf7-f6-o1\" method=\"post\" class=\"wpcf7-form\" novalidate=\"novalidate\">\n<div style=\"display: none;\">\n<input type=\"hidden\" name=\"_wpcf7\" value=\"6\" \/>\n<input type=\"hidden\" name=\"_wpcf7_version\" value=\"4.1.2\" \/>\n<input type=\"hidden\" name=\"_wpcf7_locale\" value=\"\" \/>\n<input type=\"hidden\" name=\"_wpcf7_unit_tag\" value=\"wpcf7-f6-o1\" \/>\n<input type=\"hidden\" name=\"_wpnonce\" value=\"217332db96\" \/>\n<\/div>\n<p>El teu nom (obligatori)<br \/>\n    <span class=\"wpcf7-form-control-wrap your-name\"><input type=\"text\" name=\"your-name\" value=\"\" size=\"40\" class=\"wpcf7-form-control wpcf7-text wpcf7-validates-as-required\" aria-required=\"true\" aria-invalid=\"false\" \/><\/span> <\/p>\n<p>El seu correu electr\u00f2nic (requerit)<br \/>\n    <span class=\"wpcf7-form-control-wrap your-email\"><input type=\"email\" name=\"your-email\" value=\"\" size=\"40\" class=\"wpcf7-form-control wpcf7-text wpcf7-email wpcf7-validates-as-required wpcf7-validates-as-email\" aria-required=\"true\" aria-invalid=\"false\" \/><\/span> <\/p>\n<p>Nombre telef\u00f2nic<\/br><br \/>\n    <span class=\"wpcf7-form-control-wrap Nombretelefnic\"><input type=\"text\" name=\"Nombretelefnic\" value=\"\" size=\"40\" class=\"wpcf7-form-control wpcf7-text wpcf7-validates-as-required\" aria-required=\"true\" aria-invalid=\"false\" \/><\/span><\/p>\n<p>El seu missatge<br \/>\n    <span class=\"wpcf7-form-control-wrap your-message\"><textarea name=\"your-message\" cols=\"40\" rows=\"10\" class=\"wpcf7-form-control wpcf7-textarea\" aria-invalid=\"false\"><\/textarea><\/span> <\/p>\n<p><input type=\"submit\" value=\"Enviar\" class=\"wpcf7-form-control wpcf7-submit\" \/><\/p>\n<div class=\"wpcf7-response-output wpcf7-display-none\"><\/div><\/form><\/div>\n","protected":false},"excerpt":{"rendered":"<p>Esmorzar incl\u00f2s. Estada minima 2 nits S&#8217;admeten animals &#8211; \u20ac 7 la nit Llit &#8211; \u20ac 12 la nit Taxa d&#8217;estada de 99 cent per adult per nit no inclos Per contactar-nos, si us plau ompli aquest formulari. Parlem angl\u00e8s, franc\u00e8s i castell\u00e0.<\/p>\n","protected":false},"author":1,"featured_media":0,"parent":0,"menu_order":0,"comment_status":"closed","ping_status":"closed","template":"","meta":{"_mi_skip_tracking":false,"footnotes":""},"class_list":["post-20","page","type-page","status-publish","hentry"],"aioseo_notices":[],"_links":{"self":[{"href":"https:\/\/www.225prades.com\/catala\/wp-json\/wp\/v2\/pages\/20","targetHints":{"allow":["GET"]}}],"collection":[{"href":"https:\/\/www.225prades.com\/catala\/wp-json\/wp\/v2\/pages"}],"about":[{"href":"https:\/\/www.225prades.com\/catala\/wp-json\/wp\/v2\/types\/page"}],"author":[{"embeddable":true,"href":"https:\/\/www.225prades.com\/catala\/wp-json\/wp\/v2\/users\/1"}],"replies":[{"embeddable":true,"href":"https:\/\/www.225prades.com\/catala\/wp-json\/wp\/v2\/comments?post=20"}],"version-history":[{"count":11,"href":"https:\/\/www.225prades.com\/catala\/wp-json\/wp\/v2\/pages\/20\/revisions"}],"predecessor-version":[{"id":106,"href":"https:\/\/www.225prades.com\/catala\/wp-json\/wp\/v2\/pages\/20\/revisions\/106"}],"wp:attachment":[{"href":"https:\/\/www.225prades.com\/catala\/wp-json\/wp\/v2\/media?parent=20"}],"curies":[{"name":"wp","href":"https:\/\/api.w.org\/{rel}","templated":true}]}}