{"id":23,"date":"2013-03-30T10:26:43","date_gmt":"2013-03-30T10:26:43","guid":{"rendered":"http:\/\/www.225prades.com\/catala\/?page_id=23"},"modified":"2015-04-13T08:02:59","modified_gmt":"2015-04-13T08:02:59","slug":"com-arribar","status":"publish","type":"page","link":"https:\/\/www.225prades.com\/catala\/com-arribar\/","title":{"rendered":"Com arribar"},"content":{"rendered":"<p><a href=\"http:\/\/www.225prades.com\/catala\/wp-content\/uploads\/2013\/03\/Maison-225.jpg\"><img loading=\"lazy\" decoding=\"async\" class=\"alignleft size-medium wp-image-52\" src=\"http:\/\/www.225prades.com\/catala\/wp-content\/uploads\/2013\/03\/Maison-225-199x300.jpg\" alt=\"Maison 225\" width=\"199\" height=\"300\" srcset=\"https:\/\/www.225prades.com\/catala\/wp-content\/uploads\/2013\/03\/Maison-225-199x300.jpg 199w, https:\/\/www.225prades.com\/catala\/wp-content\/uploads\/2013\/03\/Maison-225-624x936.jpg 624w, https:\/\/www.225prades.com\/catala\/wp-content\/uploads\/2013\/03\/Maison-225.jpg 682w\" sizes=\"auto, (max-width: 199px) 100vw, 199px\" \/><\/a>GPS<\/p>\n<p>Lat: 42.615462<br \/>\nLong: 2.418489<\/p>\n<p><strong>Des Perpiny\u00e0:<\/strong><\/p>\n<p>Prendre la RN116 en direcci\u00f3 Andorra.<br \/>\nA la primera rotonda a l&#8217;entrada de Prades, prendre la direcci\u00f3 &#8220;centre ville&#8221;.<br \/>\nContinuar tot recte al llarg de l&#8217;Avenue du G\u00e9n\u00e9ral de Gaulle fins al cedeixi el pas.<br \/>\nEns trobem just despr\u00e9s, a l&#8217;esquerra, al n\u00famero 225.<\/p>\n<p><strong>Des d&#8217;Andorra:<\/strong><\/p>\n<p>Prendre la RN116 en direcci\u00f3 Perpiny\u00e0.<br \/>\nDespr\u00e9s del poble D\u00e8ria, passar davant de la botiga LIDL situada a la dreta.<br \/>\nPassat LIDL, prendre la direcci\u00f3 Prades, &#8220;centre ville&#8221;, i a continuaci\u00f3 passar davant de l&#8217;ajuntament (&#8220;H\u00f4tel de ville&#8221;).<br \/>\nContinuar fins al cedeixi el pas.<br \/>\nEns trobem just despr\u00e9s, a la dreta, al n\u00famero 225.<\/p>\n<div align=\"center\">\r\n<div class=\"google-maps-builder-wrap\">\r\n\r\n\t<div id=\"google-maps-builder-81\" class=\"google-maps-builder\"  data-map-id=\"81\" style=\"width:100%; height:600px\"><\/div>\r\n\r\n<\/div><\/div>\n","protected":false},"excerpt":{"rendered":"<p>GPS Lat: 42.615462 Long: 2.418489 Des Perpiny\u00e0: Prendre la RN116 en direcci\u00f3 Andorra. A la primera rotonda a l&#8217;entrada de Prades, prendre la direcci\u00f3 &#8220;centre ville&#8221;. Continuar tot recte al llarg de l&#8217;Avenue du G\u00e9n\u00e9ral de Gaulle fins al cedeixi el pas. Ens trobem just despr\u00e9s, a l&#8217;esquerra, al n\u00famero 225. Des d&#8217;Andorra: Prendre la [&hellip;]<\/p>\n","protected":false},"author":1,"featured_media":0,"parent":0,"menu_order":0,"comment_status":"closed","ping_status":"closed","template":"","meta":{"_mi_skip_tracking":false,"footnotes":""},"class_list":["post-23","page","type-page","status-publish","hentry"],"aioseo_notices":[],"_links":{"self":[{"href":"https:\/\/www.225prades.com\/catala\/wp-json\/wp\/v2\/pages\/23","targetHints":{"allow":["GET"]}}],"collection":[{"href":"https:\/\/www.225prades.com\/catala\/wp-json\/wp\/v2\/pages"}],"about":[{"href":"https:\/\/www.225prades.com\/catala\/wp-json\/wp\/v2\/types\/page"}],"author":[{"embeddable":true,"href":"https:\/\/www.225prades.com\/catala\/wp-json\/wp\/v2\/users\/1"}],"replies":[{"embeddable":true,"href":"https:\/\/www.225prades.com\/catala\/wp-json\/wp\/v2\/comments?post=23"}],"version-history":[{"count":6,"href":"https:\/\/www.225prades.com\/catala\/wp-json\/wp\/v2\/pages\/23\/revisions"}],"predecessor-version":[{"id":83,"href":"https:\/\/www.225prades.com\/catala\/wp-json\/wp\/v2\/pages\/23\/revisions\/83"}],"wp:attachment":[{"href":"https:\/\/www.225prades.com\/catala\/wp-json\/wp\/v2\/media?parent=23"}],"curies":[{"name":"wp","href":"https:\/\/api.w.org\/{rel}","templated":true}]}}