{"id":15,"date":"2013-03-30T10:40:10","date_gmt":"2013-03-30T10:40:10","guid":{"rendered":"http:\/\/www.225prades.com\/deutsch\/?page_id=15"},"modified":"2013-03-30T19:53:20","modified_gmt":"2013-03-30T19:53:20","slug":"in-und-um-prades","status":"publish","type":"page","link":"https:\/\/www.225prades.com\/deutsch\/in-und-um-prades\/","title":{"rendered":"In und um Prades"},"content":{"rendered":"<p><a href=\"http:\/\/www.225prades.com\/deutsch\/wp-content\/uploads\/2013\/03\/Prades-Market.jpg\"><img loading=\"lazy\" decoding=\"async\" class=\"alignleft size-medium wp-image-46\" alt=\"Markt\" src=\"http:\/\/www.225prades.com\/deutsch\/wp-content\/uploads\/2013\/03\/Prades-Market-300x222.jpg\" width=\"300\" height=\"222\" srcset=\"https:\/\/www.225prades.com\/deutsch\/wp-content\/uploads\/2013\/03\/Prades-Market-300x222.jpg 300w, https:\/\/www.225prades.com\/deutsch\/wp-content\/uploads\/2013\/03\/Prades-Market.jpg 450w\" sizes=\"auto, (max-width: 300px) 100vw, 300px\" \/><\/a>Prades ist eine typische Stadt in der gr\u00fcnen und fruchtbaren Conflent Tal. 35 Minuten von Perpignan und der K\u00fcste. Bus und Bahn kosten 1 \u20ac pro Fahrt. Sonst empfehlen wir ihnen ein ein Auto zu mieten, um wirklich abseits der ausgetretenen Pfade zu kommen. Prades hat eine gute Auswahl an Caf\u00e9s und Restaurants, in denen sie die k\u00f6stlichen katalanischen Spezialit\u00e4ten aus der Region geniessen koennen, und das alles nur 5-10 Minuten, vom Maison 225, zu Fu\u00df entfernt.<\/p>\n<p>Wir sind 2007 aus Irland zugezogen und verliebten uns in diese sonnige, landschaftlich reizvolle Gegend. Unsere Lebensqualit\u00e4t ist ,nach wie vor, un\u00fcbertroffen. Wir w\u00fcrden uns freuen, Ihnen helfen, das Beste aus Ihrer Zeit zu machen in diesem Gegend von au\u00dfergew\u00f6hnlicher nat\u00fcrlicher Sch\u00f6nheit. Hier sind ein paar unserer Vorschl\u00e4ge:<a href=\"http:\/\/www.225prades.com\/deutsch\/wp-content\/uploads\/2013\/03\/Yellow-Train.jpg\"><img loading=\"lazy\" decoding=\"async\" class=\"alignright size-medium wp-image-48\" alt=\"Train Jaune\" src=\"http:\/\/www.225prades.com\/deutsch\/wp-content\/uploads\/2013\/03\/Yellow-Train-199x300.jpg\" width=\"199\" height=\"300\" srcset=\"https:\/\/www.225prades.com\/deutsch\/wp-content\/uploads\/2013\/03\/Yellow-Train-199x300.jpg 199w, https:\/\/www.225prades.com\/deutsch\/wp-content\/uploads\/2013\/03\/Yellow-Train-680x1024.jpg 680w, https:\/\/www.225prades.com\/deutsch\/wp-content\/uploads\/2013\/03\/Yellow-Train-624x939.jpg 624w, https:\/\/www.225prades.com\/deutsch\/wp-content\/uploads\/2013\/03\/Yellow-Train.jpg 712w\" sizes=\"auto, (max-width: 199px) 100vw, 199px\" \/><\/a><\/p>\n<ul>\n<li>Besuch der &#8220;Unesco World Heritage Site&#8221; von Villefranche-de-Conflent nur 4 km entfernt. Der kleine gelbe Zug f\u00e4hrt von hier tief in die dramatischen Pyren\u00e4en. Auch verpassen Sie nicht die H\u00f6hlen, gerade au\u00dferhalb der Stadtmauern.<\/li>\n<li>Dienstag Morgen ist Markt in Prades. Es ist der gr\u00f6\u00dfte in der Region. Die St\u00e4nde sind beladen mit fabelhaften lokalen Produkten, f\u00fcr Picknick Ideen oder Geschenke .<\/li>\n<li>Einige Wanderwege beginnen nur wenige Minuten vom Haus entfernt. Wir leihen Ihnen gerne Buecher und Karten aus. Und zum Schluss desTages, warum nicht in den hei\u00dfen Thermen von St. Thomas-les-Bains entspannen? Dieser Kurort hat auch eine Sauna, Jacuzzi und Dampfbad und Sie k\u00f6nnen sich mit einer Massage verw\u00f6hnen lassen.<\/li>\n<li>In die Naehe von dem Gipfel des &#8220;Mount Canigou&#8221; koennen sie sich, im Sommer, mit einem 4&#215;4 Jeep fahren lassen. Von der Bergh\u00fctte &#8220;Chalet de Cortalets&#8221; ist es eine 2-st\u00fcndige Wanderung zum Gipfel. Die Jeeps warten in der Lodge und bringt Sie zur\u00fcck zum Prades. Dies ist normalerweise von Mai bis Oktober m\u00f6glich.<\/li>\n<li>Die D\u00f6rfer Eus, Mosset und Evol sind alle weniger als 20 Autominuten entfernt. Diese werden offiziell als einige der sch\u00f6nsten D\u00f6rfer in Frankreich klassifiziert. Warum nicht ein Picknick einpacken und fuer einen Spaziergang gehen, in den H\u00fcgeln rund um diese idyllische Flecken.<\/li>\n<li>Erfahren Sie die Geschichte der Region durch den Besuch der ber\u00fchmten Abteien St Michel de Cuxa und St. Martin du Canigou.<\/li>\n<\/ul>\n<p>Vergessen Sie Ihre Kamera nicht!<\/p>\n","protected":false},"excerpt":{"rendered":"<p>Prades ist eine typische Stadt in der gr\u00fcnen und fruchtbaren Conflent Tal. 35 Minuten von Perpignan und der K\u00fcste. Bus und Bahn kosten 1 \u20ac pro Fahrt. Sonst empfehlen wir ihnen ein ein Auto zu mieten, um wirklich abseits der ausgetretenen Pfade zu kommen. Prades hat eine gute Auswahl an Caf\u00e9s und Restaurants, in denen [&hellip;]<\/p>\n","protected":false},"author":1,"featured_media":0,"parent":0,"menu_order":0,"comment_status":"closed","ping_status":"closed","template":"","meta":{"_mi_skip_tracking":false,"footnotes":""},"class_list":["post-15","page","type-page","status-publish","hentry"],"aioseo_notices":[],"_links":{"self":[{"href":"https:\/\/www.225prades.com\/deutsch\/wp-json\/wp\/v2\/pages\/15","targetHints":{"allow":["GET"]}}],"collection":[{"href":"https:\/\/www.225prades.com\/deutsch\/wp-json\/wp\/v2\/pages"}],"about":[{"href":"https:\/\/www.225prades.com\/deutsch\/wp-json\/wp\/v2\/types\/page"}],"author":[{"embeddable":true,"href":"https:\/\/www.225prades.com\/deutsch\/wp-json\/wp\/v2\/users\/1"}],"replies":[{"embeddable":true,"href":"https:\/\/www.225prades.com\/deutsch\/wp-json\/wp\/v2\/comments?post=15"}],"version-history":[{"count":5,"href":"https:\/\/www.225prades.com\/deutsch\/wp-json\/wp\/v2\/pages\/15\/revisions"}],"predecessor-version":[{"id":50,"href":"https:\/\/www.225prades.com\/deutsch\/wp-json\/wp\/v2\/pages\/15\/revisions\/50"}],"wp:attachment":[{"href":"https:\/\/www.225prades.com\/deutsch\/wp-json\/wp\/v2\/media?parent=15"}],"curies":[{"name":"wp","href":"https:\/\/api.w.org\/{rel}","templated":true}]}}